{"id":348,"date":"2017-02-01T10:33:54","date_gmt":"2017-02-01T07:33:54","guid":{"rendered":"http:\/\/wp1.themexlab.com\/newwp\/interrio\/?page_id=348"},"modified":"2019-04-13T10:57:49","modified_gmt":"2019-04-13T07:57:49","slug":"iletisim","status":"publish","type":"page","link":"https:\/\/okselgrup.com.tr\/?page_id=348","title":{"rendered":"\u0130leti\u015fim"},"content":{"rendered":"<p><section class=\"kc-elm kc-css-79883 kc_row\"><div class=\"kc-row-container  kc-container\"><div class=\"kc-wrap-columns\"><div class=\"kc-elm kc-css-6841 kc_col-sm-12 kc_column kc_col-sm-12\"><div class=\"kc-col-container\"><!--Start contact v1 area-->\n<section class=\"contact-v1-area\">\n    <div class=\"container\">\n        <div class=\"sec-title text-center\">\n            <h2>Bize Ula\u015f\u0131n<\/h2>\n            <p><\/p>\n        <\/div>\n        <div class=\"row\">\n            <div class=\"col-md-6\">\n                <div class=\"img-holder\">\n                    <img decoding=\"async\" src=\"http:\/\/wp1.themexlab.com\/newwp\/interrio\/wp-content\/uploads\/2017\/02\/contact.jpg\" alt=\"\">\n                <\/div>\n                <div class=\"contact-info\">\n                    <div class=\"row\">\n                        <!--Start single item-->\n                        <div class=\"col-md-6\">\n                            <div class=\"single-item\">\n                                <div class=\"icon-holder\">\n                                    <span class=\"flaticon-building\"><\/span>\n                                <\/div>\n                                <div class=\"text-holder\">\n                                    <h5>Adres:<\/h5>\n                                    <p>Sanayi Mh. Ba\u015fakl\u0131 Sk. No:37 G\u00fcng\u00f6ren \/ \u0130stanbul<\/p>\n                                <\/div>\n                            <\/div>\n                        <\/div>\n                        <!--End single item-->\n                        <!--Start single item-->\n                        <div class=\"col-md-6\">\n                            <div class=\"single-item\">\n                                <div class=\"icon-holder\">\n                                    <span class=\"flaticon-technology\"><\/span>\n                                <\/div>\n                                <div class=\"text-holder\">\n                                    <h5>Telefon:<\/h5>\n                                    <p>(+90) 212 210 16 80<\/p>\n                                <\/div>\n                            <\/div>\n                        <\/div>\n                        <!--End single item-->\n                        <!--Start single item-->\n                        <div class=\"col-md-6\">\n                            <div class=\"single-item\">\n                                <div class=\"icon-holder\">\n                                    <span class=\"flaticon-new-email-outline\"><\/span>\n                                <\/div>\n                                <div class=\"text-holder\">\n                                    <h5>Email:<\/h5>\n                                    <p>info@okselgrup.com.tr<\/p>\n                                <\/div>\n                            <\/div>\n                        <\/div>\n                        <!--End single item-->\n                        <!--Start single item-->\n                        <div class=\"col-md-6\">\n                            <div class=\"single-item\">\n                                <div class=\"icon-holder\">\n                                    <span class=\"flaticon-clock\"><\/span>\n                                <\/div>\n                                <div class=\"text-holder\">\n                                    <h5>\u00c7al\u0131\u015fma Saatleri:<\/h5>\n                                    <p>Pzt - Cmt.: 09.00 to 19.00<\/p>\n                                <\/div>\n                            <\/div>\n                        <\/div>\n                        <!--End single item-->\n                    <\/div>\n                <\/div>    \n            <\/div>\n            <div class=\"col-md-6\">\n                <div class=\"contact-form-v1\">\n                    \n<div class=\"wpcf7 no-js\" id=\"wpcf7-f359-o1\" lang=\"en-US\" dir=\"ltr\" data-wpcf7-id=\"359\">\n<div class=\"screen-reader-response\"><p role=\"status\" aria-live=\"polite\" aria-atomic=\"true\"><\/p> <ul><\/ul><\/div>\n<form action=\"\/index.php?rest_route=%2Fwp%2Fv2%2Fpages%2F348#wpcf7-f359-o1\" method=\"post\" class=\"wpcf7-form init\" aria-label=\"Contact form\" novalidate=\"novalidate\" data-status=\"init\">\n<fieldset class=\"hidden-fields-container\"><input type=\"hidden\" name=\"_wpcf7\" value=\"359\" \/><input type=\"hidden\" name=\"_wpcf7_version\" value=\"6.1.5\" \/><input type=\"hidden\" name=\"_wpcf7_locale\" value=\"en_US\" \/><input type=\"hidden\" name=\"_wpcf7_unit_tag\" value=\"wpcf7-f359-o1\" \/><input type=\"hidden\" name=\"_wpcf7_container_post\" value=\"0\" \/><input type=\"hidden\" name=\"_wpcf7_posted_data_hash\" value=\"\" \/>\n<\/fieldset>\n<p><span class=\"wpcf7-form-control-wrap\" data-name=\"your-name\"><input size=\"40\" maxlength=\"400\" class=\"wpcf7-form-control wpcf7-text wpcf7-validates-as-required\" aria-required=\"true\" aria-invalid=\"false\" placeholder=\"Your Name*\" value=\"\" type=\"text\" name=\"your-name\" \/><\/span><span class=\"wpcf7-form-control-wrap\" data-name=\"your-email\"><input size=\"40\" maxlength=\"400\" class=\"wpcf7-form-control wpcf7-email wpcf7-validates-as-required wpcf7-text wpcf7-validates-as-email\" aria-required=\"true\" aria-invalid=\"false\" placeholder=\"Your Mail*\" value=\"\" type=\"email\" name=\"your-email\" \/><\/span><span class=\"wpcf7-form-control-wrap\" data-name=\"your-subject\"><input size=\"40\" maxlength=\"400\" class=\"wpcf7-form-control wpcf7-text\" aria-invalid=\"false\" placeholder=\"Phone\" value=\"\" type=\"text\" name=\"your-subject\" \/><\/span><span class=\"wpcf7-form-control-wrap\" data-name=\"your-message\"><textarea cols=\"40\" rows=\"10\" maxlength=\"2000\" class=\"wpcf7-form-control wpcf7-textarea\" aria-invalid=\"false\" placeholder=\"Your Message..\" name=\"your-message\"><\/textarea><\/span><input class=\"wpcf7-form-control wpcf7-submit has-spinner thm-btn bg-cl-1\" type=\"submit\" value=\"send message\" \/>\n<\/p><div class=\"wpcf7-response-output\" aria-hidden=\"true\"><\/div>\n<\/form>\n<\/div>\n                <\/div>\n            <\/div>\n             \n        <\/div>\n    <\/div>\n<\/section>                                                                     \n<!--End contact v1 area-->\n<\/div><\/div><\/div><\/div><\/section><section class=\"kc-elm kc-css-912593 kc_row\"><div class=\"kc-row-container  kc-container\"><div class=\"kc-wrap-columns\"><div class=\"kc-elm kc-css-744939 kc_col-sm-12 kc_column kc_col-sm-12\"><div class=\"kc-col-container\"><div class=\"kc-elm kc-css-116656 kc_google_maps kc_shortcode\"><div style=\"height: 350px\" class=\"kc-google-maps\"><iframe loading=\"lazy\" src=\"https:\/\/www.google.com\/maps\/embed?pb=!1m18!1m12!1m3!1d3009.973912606967!2d28.87931021627691!3d41.02582667929897!2m3!1f0!2f0!3f0!3m2!1i1024!2i768!4f13.1!3m3!1m2!1s0x14cabadc9820aaab%3A0xf0a75608d3d9559f!2sOksel+Grup!5e0!3m2!1str!2str!4v1555141176220!5m2!1str!2str\" width=\"100%\" height=\"350\" frameborder=\"0\" style=\"border:0\" allowfullscreen><\/iframe><\/div><\/div><\/div><\/div><\/div><\/div><\/section><\/p>\n","protected":false},"excerpt":{"rendered":"","protected":false},"author":3,"featured_media":0,"parent":0,"menu_order":0,"comment_status":"closed","ping_status":"closed","template":"tpl-king_composer.php","meta":{"footnotes":""},"class_list":["post-348","page","type-page","status-publish","hentry"],"_links":{"self":[{"href":"https:\/\/okselgrup.com.tr\/index.php?rest_route=\/wp\/v2\/pages\/348","targetHints":{"allow":["GET"]}}],"collection":[{"href":"https:\/\/okselgrup.com.tr\/index.php?rest_route=\/wp\/v2\/pages"}],"about":[{"href":"https:\/\/okselgrup.com.tr\/index.php?rest_route=\/wp\/v2\/types\/page"}],"author":[{"embeddable":true,"href":"https:\/\/okselgrup.com.tr\/index.php?rest_route=\/wp\/v2\/users\/3"}],"replies":[{"embeddable":true,"href":"https:\/\/okselgrup.com.tr\/index.php?rest_route=%2Fwp%2Fv2%2Fcomments&post=348"}],"version-history":[{"count":8,"href":"https:\/\/okselgrup.com.tr\/index.php?rest_route=\/wp\/v2\/pages\/348\/revisions"}],"predecessor-version":[{"id":2763,"href":"https:\/\/okselgrup.com.tr\/index.php?rest_route=\/wp\/v2\/pages\/348\/revisions\/2763"}],"wp:attachment":[{"href":"https:\/\/okselgrup.com.tr\/index.php?rest_route=%2Fwp%2Fv2%2Fmedia&parent=348"}],"curies":[{"name":"wp","href":"https:\/\/api.w.org\/{rel}","templated":true}]}}