{"id":135,"date":"2017-01-30T07:52:30","date_gmt":"2017-01-30T04:52:30","guid":{"rendered":"http:\/\/wp1.themexlab.com\/newwp\/interrio\/?page_id=135"},"modified":"2019-04-13T16:51:58","modified_gmt":"2019-04-13T13:51:58","slug":"hakkimizda","status":"publish","type":"page","link":"https:\/\/okselgrup.com.tr\/?page_id=135","title":{"rendered":"Hakk\u0131m\u0131zda"},"content":{"rendered":"<p><section class=\"kc-elm kc-css-457175 kc_row\"><div class=\"kc-row-container  kc-container\"><div class=\"kc-wrap-columns\"><div class=\"kc-elm kc-css-685938 kc_col-sm-12 kc_column kc_col-sm-12\"><div class=\"kc-col-container\"><!--Start about interrio area--> \n<section class=\"about-interrio-area\">\n    <div class=\"container\">\n        <div class=\"sec-title\">\n            <h2><p>OKSEL GRUP Hakk\u0131nda<\/p>\r\n<\/h2>\n            <span class=\"decor\"><\/span>\n        <\/div>\n        <div class=\"row\">\n            <div class=\"col-md-4\">\n                <div class=\"text-holder\">\n                    <h3>\u0130htiyac\u0131n\u0131z olan t\u00fcm dekorasyon ve tasar\u0131m <span>OKSEL Grup<\/span><\/h3>\n                    <p>OKSEL GRUP; g\u00fcvene dayal\u0131 i\u015f ili\u015fkileri, kaliteli ve h\u0131zl\u0131 sonu\u00e7 odakl\u0131 hizmet veren bir markad\u0131r. 15 y\u0131ll\u0131k birikimimizi yans\u0131tt\u0131\u011f\u0131m\u0131z t\u00fcm mobilya ve tasar\u0131mlar kalitesiyle m\u00fc\u015fterilerimizin takdirini kazanm\u0131\u015f bulunuyor. D\u00fcnya mobilya trendlerini tasar\u0131mlar\u0131nda yer veren firmam\u0131z, yenilik\u00e7i ve m\u00fc\u015fteriye \u00f6zel \u00e7izgisiyle de dikkat \u00e7ekiyor. Firmam\u0131z ki\u015fiye \u00f6zel ihtiya\u00e7lara y\u00f6nelik konut, restoran, ma\u011faza, ofis, end\u00fcstriyel alanlar, otel ve hastane gibi yap\u0131larda proje ve modelleme i\u015fleri, dekorasyon ve tasar\u0131m hizmetleri, tadilat ve mimari yenileme alanlar\u0131nda fonksiyonellik, kalite ve memnuniyeti esas alarak hizmet sa\u011flamaktad\u0131r.\r\n\r\nOKSEL GRUP; kurulu\u015fundan bu yana profesyonellik, yarat\u0131c\u0131l\u0131k, g\u00fcvenilirlik, kendini geli\u015ftirme, \u00fcstlendi\u011fi taahh\u00fctleri zaman\u0131nda ve beklenen kalitenin \u00fczerinde tamamlay\u0131p istikrarl\u0131 bir b\u00fcy\u00fcme g\u00f6stererek bu ba\u015far\u0131s\u0131n\u0131 her ge\u00e7en g\u00fcn artt\u0131rmaya devam etmektedir.<\/p>\n                    <div class=\"signature-and-name\">\n                        <div class=\"signature\">\n                            <img decoding=\"async\" src=\"http:\/\/wp1.themexlab.com\/newwp\/interrio\/wp-content\/uploads\/2017\/01\/signature.png\" alt=\"Signature\">\n                        <\/div>\n                        <div class=\"name\">\n                            <h4>Selma DEM\u0130RTA\u015e,<\/h4>\n                            <p>Genel M\u00fcd\u00fcr<\/p>\n                        <\/div>\n                    <\/div>   \n                <\/div>\n            <\/div>\n            \n                        <!--Start single item-->\n            <div class=\"col-md-4\">\n                <div class=\"single-item\">\n                    <div class=\"img-holder\">\n                        <img decoding=\"async\" src=\"https:\/\/okselgrup.com.tr\/wp-content\/uploads\/service-1.jpg\" alt=\"Awesome Image\">\n                        <div class=\"overlay\">\n                            <div class=\"box\">\n                                <div class=\"content\">\n                                    <a href=\"#\"><i class=\"fa fa-link\" aria-hidden=\"true\"><\/i><\/a>\n                                <\/div>\n                            <\/div>\n                        <\/div>\n                    <\/div>\n                    <div class=\"text-box\">\n                        <h3>Misyonumuz<\/h3>\n                        <p>Dekorasyon ve tasar\u0131m hizmetleri, tadilat ve mimari yenileme alanlar\u0131nda fonksiyonellik, kalite ve memnuniyeti esas alarak hizmet sa\u011flamaktad\u0131r.<\/p>\n                    <\/div>\n                <\/div>\n            <\/div>\n            <!--End single item-->\n                        <!--Start single item-->\n            <div class=\"col-md-4\">\n                <div class=\"single-item\">\n                    <div class=\"img-holder\">\n                        <img decoding=\"async\" src=\"https:\/\/okselgrup.com.tr\/wp-content\/uploads\/service-3.jpg\" alt=\"Awesome Image\">\n                        <div class=\"overlay\">\n                            <div class=\"box\">\n                                <div class=\"content\">\n                                    <a href=\"#\"><i class=\"fa fa-link\" aria-hidden=\"true\"><\/i><\/a>\n                                <\/div>\n                            <\/div>\n                        <\/div>\n                    <\/div>\n                    <div class=\"text-box\">\n                        <h3>Vizyonumuz<\/h3>\n                        <p>OKSEL GRUP; kurulu\u015fundan bu yana profesyonellik, yarat\u0131c\u0131l\u0131k, g\u00fcvenilirlik, kendini geli\u015ftirme, \u00fcstlendi\u011fi taahh\u00fctleri zaman\u0131nda ve beklenen kalitenin \u00fczerinde tamamlay\u0131p istikrarl\u0131 bir b\u00fcy\u00fcme g\u00f6stererek bu ba\u015far\u0131s\u0131n\u0131 her ge\u00e7en g\u00fcn artt\u0131rmaya devam etmektedir.<\/p>\n                    <\/div>\n                <\/div>\n            <\/div>\n            <!--End single item-->\n                        \n        <\/div>\n    <\/div>    \n<\/section>           \n<!--End about interrio area--><\/div><\/div><\/div><\/div><\/section><section class=\"kc-elm kc-css-205020 kc_row\"><div class=\"kc-row-container\"><div class=\"kc-wrap-columns\"><div class=\"kc-elm kc-css-3031 kc_col-sm-12 kc_column kc_col-sm-12\"><div class=\"kc-col-container\"><!--Start slogan area-->\n<section class=\"slogan-area bg-clr-1\" style=\"background-image:url(http:\/\/wp1.themexlab.com\/newwp\/interrio\/wp-content\/uploads\/2017\/01\/slogan.jpg);\">\n    <div class=\"container\">\n        <div class=\"row\">\n            <div class=\"col-md-12\">\n                <div class=\"slogan\">\n                    <h2>Kendi evinizin rahatl\u0131\u011f\u0131nda, geni\u015f tedarik\u00e7i a\u011f\u0131m\u0131zla size geliyoruz. Kay\u0131p g\u00fcnler yok. S\u00fcrekli yan\u0131n\u0131zday\u0131z.<\/h2>\n                <\/div>\n            <\/div>\n        <\/div>     \n    <\/div>\n<\/section>\n<!--End slogan area-->\n<\/div><\/div><\/div><\/div><\/section><section class=\"kc-elm kc-css-289686 kc_row\"><div class=\"kc-row-container\"><div class=\"kc-wrap-columns\"><div class=\"kc-elm kc-css-155494 kc_col-sm-12 kc_column kc_col-sm-12\"><div class=\"kc-col-container\"><!--Start choose area--> \n<section class=\"choose-area\" style=\"background-image:url(http:\/\/wp1.themexlab.com\/newwp\/interrio\/wp-content\/uploads\/2017\/01\/choose-bg.jpg);\">\n    <div class=\"container\">\n        <div class=\"sec-title text-center\">\n            <h2>Neden Tercih Etmelisiniz<\/h2>\n            <span class=\"border\"><\/span>\n        <\/div>\n        <div class=\"row\">\n        \t\n                        <!--Start single item-->\n            <div class=\"col-md-4 col-sm-6 col-xs-12\">\n                <div class=\"single-item\">\n                    <div class=\"icon-holder\">\n                        <span class=\"fa-building-o\"><\/span>\n                    <\/div>\n                    <div class=\"text-holder\">\n                        <h3>15 Y\u0131ll\u0131k Tecr\u00fcbe<\/h3>\n                        <p>15 Y\u0131ll\u0131k say\u0131s\u0131z konut, i\u015fyeri, fabrika, otel vb tecr\u00fcmemiz....<\/p>\n                    <\/div>\n                <\/div>\n            <\/div>\n            <!--End single item-->\n                        <!--Start single item-->\n            <div class=\"col-md-4 col-sm-6 col-xs-12\">\n                <div class=\"single-item\">\n                    <div class=\"icon-holder\">\n                        <span class=\"et-lightbulb\"><\/span>\n                    <\/div>\n                    <div class=\"text-holder\">\n                        <h3>Yarat\u0131c\u0131 Tasar\u0131mlar<\/h3>\n                        <p>Tasar\u0131m ekibimiz zevkinize, mekan\u0131n\u0131za ve b\u00fct\u00e7enize g\u00f6re tasarlar, ayr\u0131ca ekibimiz size rehberlik eder.<\/p>\n                    <\/div>\n                <\/div>\n            <\/div>\n            <!--End single item-->\n                        <!--Start single item-->\n            <div class=\"col-md-4 col-sm-6 col-xs-12\">\n                <div class=\"single-item\">\n                    <div class=\"icon-holder\">\n                        <span class=\"et-tools-2\"><\/span>\n                    <\/div>\n                    <div class=\"text-holder\">\n                        <h3>Kaliteli Malzemeler<\/h3>\n                        <p>M\u00fc\u015fterilerimize y\u00fcksek kaliteli \u00fcr\u00fcnler sunmaktay\u0131z, \u00fcr\u00fcnlerimiz WIOC sertifikal\u0131d\u0131r.<\/p>\n                    <\/div>\n                <\/div>\n            <\/div>\n            <!--End single item-->\n                        <!--Start single item-->\n            <div class=\"col-md-4 col-sm-6 col-xs-12\">\n                <div class=\"single-item\">\n                    <div class=\"icon-holder\">\n                        <span class=\"et-trophy\"><\/span>\n                    <\/div>\n                    <div class=\"text-holder\">\n                        <h3>Deneyimli Ekip<\/h3>\n                        <p>Uzman ekibimizle g\u00f6z\u00fcn\u00fcz arkada kalmas\u0131n. Konusunda deneyimli uzman kadromuz hizmetinizde.<\/p>\n                    <\/div>\n                <\/div>\n            <\/div>\n            <!--End single item-->\n                        <!--Start single item-->\n            <div class=\"col-md-4 col-sm-6 col-xs-12\">\n                <div class=\"single-item\">\n                    <div class=\"icon-holder\">\n                        <span class=\"et-document\"><\/span>\n                    <\/div>\n                    <div class=\"text-holder\">\n                        <h3>\u00dccretsiz Dan\u0131\u015fmanl\u0131k<\/h3>\n                        <p>\u0130\u00e7 mekan, kalite, tasar\u0131m, b\u00fct\u00e7e vb. Konularda \u00fccretsiz dan\u0131\u015fmanl\u0131k hizmeti veriyoruz.<\/p>\n                    <\/div>\n                <\/div>\n            <\/div>\n            <!--End single item-->\n                        <!--Start single item-->\n            <div class=\"col-md-4 col-sm-6 col-xs-12\">\n                <div class=\"single-item\">\n                    <div class=\"icon-holder\">\n                        <span class=\"et-clock\"><\/span>\n                    <\/div>\n                    <div class=\"text-holder\">\n                        <h3>7\/24 M\u00fc\u015fteri Deste\u011fi<\/h3>\n                        <p>Deste\u011fimize ne zaman ve nerede ihtiya\u00e7 duyarsan\u0131z, 24\/7 m\u00fc\u015fteri destek ekibimizle ileti\u015fime ge\u00e7ebilirsiniz.<\/p>\n                    <\/div>\n                <\/div>\n            <\/div>\n            <!--End single item-->\n                                                 \n        <\/div>\n    <\/div>    \n<\/section>\n<!--End choose area-->\n<\/div><\/div><\/div><\/div><\/section><section class=\"kc-elm kc-css-102261 kc_row\"><div class=\"kc-row-container  kc-container\"><div class=\"kc-wrap-columns\"><div class=\"kc-elm kc-css-142680 kc_col-sm-12 kc_column kc_col-sm-12\"><div class=\"kc-col-container\">\n\n<!--Start our team area--> \n<section class=\"team-area\">\n    <div class=\"container\">\n        <div class=\"sec-title\">\n            <h2>Meet The <span>Team<\/span><\/h2>\n            <span class=\"decor\"><\/span>\n        <\/div>\n        <div class=\"row\">\n            <div class=\"col-md-12\">\n                <div class=\"team-members\">\n                \t\n                                        <!--Start single team member-->\n                    <div class=\"single-team-member\">\n                        <div class=\"img-holder\">\n                            <img loading=\"lazy\" decoding=\"async\" width=\"350\" height=\"250\" src=\"https:\/\/okselgrup.com.tr\/wp-content\/uploads\/team-1.jpg\" class=\"attachment-interrio_350x250 size-interrio_350x250 wp-post-image\" alt=\"\" srcset=\"https:\/\/okselgrup.com.tr\/wp-content\/uploads\/team-1.jpg 350w, https:\/\/okselgrup.com.tr\/wp-content\/uploads\/team-1-300x214.jpg 300w\" sizes=\"auto, (max-width: 350px) 100vw, 350px\" \/>                            <div class=\"overlay\">\n                                <div class=\"box\">\n                                    <div class=\"content\">\n                                    \t                                        <ul>\n                                                                                        <li><a href=\"#\" target=\"_blank\"><i class=\"fa fa fa-facebook\" aria-hidden=\"true\"><\/i><\/a><\/li>\n                                                                                        <li><a href=\"#\" target=\"_blank\"><i class=\"fa fa fa-twitter\" aria-hidden=\"true\"><\/i><\/a><\/li>\n                                                                                        <li><a href=\"#\" target=\"_blank\"><i class=\"fa fa fa-google-plus\" aria-hidden=\"true\"><\/i><\/a><\/li>\n                                                                                        <li><a href=\"#\" target=\"_blank\"><i class=\"fa fa fa-skype\" aria-hidden=\"true\"><\/i><\/a><\/li>\n                                                                                    <\/ul>\n                                                                            <\/div>\n                                <\/div>\n                            <\/div>\n                        <\/div>\n                        <div class=\"text-holder text-center\">\n                            <h3>Astley Rickmen<\/h3>\n                            <p>Project Manager<\/p>\n                        <\/div>\n                    <\/div>    \n                    <!--End single team member-->\n                                        <!--Start single team member-->\n                    <div class=\"single-team-member\">\n                        <div class=\"img-holder\">\n                            <img loading=\"lazy\" decoding=\"async\" width=\"350\" height=\"250\" src=\"https:\/\/okselgrup.com.tr\/wp-content\/uploads\/team-2.jpg\" class=\"attachment-interrio_350x250 size-interrio_350x250 wp-post-image\" alt=\"\" srcset=\"https:\/\/okselgrup.com.tr\/wp-content\/uploads\/team-2.jpg 350w, https:\/\/okselgrup.com.tr\/wp-content\/uploads\/team-2-300x214.jpg 300w\" sizes=\"auto, (max-width: 350px) 100vw, 350px\" \/>                            <div class=\"overlay\">\n                                <div class=\"box\">\n                                    <div class=\"content\">\n                                    \t                                        <ul>\n                                                                                        <li><a href=\"#\" target=\"_blank\"><i class=\"fa fa fa-facebook\" aria-hidden=\"true\"><\/i><\/a><\/li>\n                                                                                        <li><a href=\"#\" target=\"_blank\"><i class=\"fa fa fa-twitter\" aria-hidden=\"true\"><\/i><\/a><\/li>\n                                                                                        <li><a href=\"#\" target=\"_blank\"><i class=\"fa fa fa-google-plus\" aria-hidden=\"true\"><\/i><\/a><\/li>\n                                                                                        <li><a href=\"#\" target=\"_blank\"><i class=\"fa fa fa-skype\" aria-hidden=\"true\"><\/i><\/a><\/li>\n                                                                                    <\/ul>\n                                                                            <\/div>\n                                <\/div>\n                            <\/div>\n                        <\/div>\n                        <div class=\"text-holder text-center\">\n                            <h3>Marko Williamson<\/h3>\n                            <p>HR Manager<\/p>\n                        <\/div>\n                    <\/div>    \n                    <!--End single team member-->\n                                        <!--Start single team member-->\n                    <div class=\"single-team-member\">\n                        <div class=\"img-holder\">\n                            <img loading=\"lazy\" decoding=\"async\" width=\"350\" height=\"250\" src=\"https:\/\/okselgrup.com.tr\/wp-content\/uploads\/team-3.jpg\" class=\"attachment-interrio_350x250 size-interrio_350x250 wp-post-image\" alt=\"\" srcset=\"https:\/\/okselgrup.com.tr\/wp-content\/uploads\/team-3.jpg 350w, https:\/\/okselgrup.com.tr\/wp-content\/uploads\/team-3-300x214.jpg 300w\" sizes=\"auto, (max-width: 350px) 100vw, 350px\" \/>                            <div class=\"overlay\">\n                                <div class=\"box\">\n                                    <div class=\"content\">\n                                    \t                                        <ul>\n                                                                                        <li><a href=\"#\" target=\"_blank\"><i class=\"fa fa fa-facebook\" aria-hidden=\"true\"><\/i><\/a><\/li>\n                                                                                        <li><a href=\"#\" target=\"_blank\"><i class=\"fa fa fa-twitter\" aria-hidden=\"true\"><\/i><\/a><\/li>\n                                                                                        <li><a href=\"#\" target=\"_blank\"><i class=\"fa fa fa-google-plus\" aria-hidden=\"true\"><\/i><\/a><\/li>\n                                                                                        <li><a href=\"#\" target=\"_blank\"><i class=\"fa fa fa-skype\" aria-hidden=\"true\"><\/i><\/a><\/li>\n                                                                                    <\/ul>\n                                                                            <\/div>\n                                <\/div>\n                            <\/div>\n                        <\/div>\n                        <div class=\"text-holder text-center\">\n                            <h3>Venanda Stewart<\/h3>\n                            <p>Designer<\/p>\n                        <\/div>\n                    <\/div>    \n                    <!--End single team member-->\n                                        \n                <\/div>\n            <\/div>\n        <\/div>\n        <!--Start bottom text-->\n        <div class=\"row\">\n            <div class=\"col-md-12\">\n                <div class=\"bottom-text text-center\">\n                    <h3>We\u2019re always looking for talented designers, creative directors and anyone has a passion for the interior designing <a href=\"#\">join our team.<\/a><\/h3>\n                <\/div>\n            <\/div>\n        <\/div>\n        <!--End bottom text-->\n    <\/div>\n<\/section>\n<!--End our team area-->\n\n<\/div><\/div><\/div><\/div><\/section><section class=\"kc-elm kc-css-315078 kc_row\"><div class=\"kc-row-container  kc-container\"><div class=\"kc-wrap-columns\"><div class=\"kc-elm kc-css-880444 kc_col-sm-12 kc_column kc_col-sm-12\"><div class=\"kc-col-container\"><!--Start fact counter area-->\n<div class=\"fact-counter-area\">\n    <div class=\"container\">\n        <div class=\"sec-title\">\n            <h2>Interesting Facts<\/h2>\n            <span class=\"decor\"><\/span>\n        <\/div>\n        <div class=\"row\">\n            <div class=\"col-md-4\">\n                <div class=\"fact-counter-carousel\">\n                \t\n                                        <div class=\"single-item\">\n                        <p>\u0130\u00e7 tasar\u0131m, iyi bir dekor bilgisinden \u00e7ok daha fazlas\u0131n\u0131 i\u00e7erir. Bir i\u00e7 tasar\u0131m projesine ili\u015fkin t\u00fcm kararlar\u0131n i\u015fe ald\u0131\u011f\u0131n\u0131z tasar\u0131mc\u0131 taraf\u0131ndan al\u0131nmas\u0131n\u0131 beklemeyin, Daha fazlas\u0131n\u0131 g\u00f6r\u00fcn<\/p>\n                    <\/div>\n                                        \n                <\/div>\n            <\/div>\n            <div class=\"col-md-8\">\n                <div class=\"row\">\n                \t\n                                        <!--Start single fact counter-->\n                    <div class=\"col-md-3 col-sm-6 col-xs-12\">\n                        <div class=\"single-fact-counter text-center\">\n                            <div class=\"box\">\n                                <h2><span class=\"timer\" data-from=\"1\" data-to=\"5000\" data-speed=\"5000\" data-refresh-interval=\"50\">5000<\/span><i>+<\/i><\/h2>\n                                <div class=\"icon-holder\">\n                                    <span class=\"fa-building-o\"><\/span>\n                                <\/div>\n                            <\/div>\n                            <div class=\"title\">\n                                <h3>Projects Worked<\/h3>\n                            <\/div>\n                        <\/div>\n                    <\/div>\n                    <!--End single fact counter-->\n                                        <!--Start single fact counter-->\n                    <div class=\"col-md-3 col-sm-6 col-xs-12\">\n                        <div class=\"single-fact-counter text-center\">\n                            <div class=\"box\">\n                                <h2><span class=\"timer\" data-from=\"1\" data-to=\"2450\" data-speed=\"5000\" data-refresh-interval=\"50\">2450<\/span><i><\/i><\/h2>\n                                <div class=\"icon-holder\">\n                                    <span class=\"sl-emotsmile\"><\/span>\n                                <\/div>\n                            <\/div>\n                            <div class=\"title\">\n                                <h3>Happy Clients<\/h3>\n                            <\/div>\n                        <\/div>\n                    <\/div>\n                    <!--End single fact counter-->\n                                        <!--Start single fact counter-->\n                    <div class=\"col-md-3 col-sm-6 col-xs-12\">\n                        <div class=\"single-fact-counter text-center\">\n                            <div class=\"box\">\n                                <h2><span class=\"timer\" data-from=\"1\" data-to=\"356\" data-speed=\"5000\" data-refresh-interval=\"50\">356<\/span><i><\/i><\/h2>\n                                <div class=\"icon-holder\">\n                                    <span class=\"sl-user\"><\/span>\n                                <\/div>\n                            <\/div>\n                            <div class=\"title\">\n                                <h3>Team Members<\/h3>\n                            <\/div>\n                        <\/div>\n                    <\/div>\n                    <!--End single fact counter-->\n                                        <!--Start single fact counter-->\n                    <div class=\"col-md-3 col-sm-6 col-xs-12\">\n                        <div class=\"single-fact-counter text-center\">\n                            <div class=\"box\">\n                                <h2><span class=\"timer\" data-from=\"1\" data-to=\"4874\" data-speed=\"5000\" data-refresh-interval=\"50\">4874<\/span><i><\/i><\/h2>\n                                <div class=\"icon-holder\">\n                                    <span class=\"et-clock\"><\/span>\n                                <\/div>\n                            <\/div>\n                            <div class=\"title\">\n                                <h3>Hours of Work<\/h3>\n                            <\/div>\n                        <\/div>\n                    <\/div>\n                    <!--End single fact counter-->\n                                        \n                <\/div>                \n            <\/div>\n        <\/div>\n    <\/div>\n<\/div>\n<!--End fact counter area-->\n<\/div><\/div><\/div><\/div><\/section><\/p>\n","protected":false},"excerpt":{"rendered":"","protected":false},"author":3,"featured_media":0,"parent":0,"menu_order":0,"comment_status":"closed","ping_status":"closed","template":"tpl-king_composer.php","meta":{"footnotes":""},"class_list":["post-135","page","type-page","status-publish","hentry"],"_links":{"self":[{"href":"https:\/\/okselgrup.com.tr\/index.php?rest_route=\/wp\/v2\/pages\/135","targetHints":{"allow":["GET"]}}],"collection":[{"href":"https:\/\/okselgrup.com.tr\/index.php?rest_route=\/wp\/v2\/pages"}],"about":[{"href":"https:\/\/okselgrup.com.tr\/index.php?rest_route=\/wp\/v2\/types\/page"}],"author":[{"embeddable":true,"href":"https:\/\/okselgrup.com.tr\/index.php?rest_route=\/wp\/v2\/users\/3"}],"replies":[{"embeddable":true,"href":"https:\/\/okselgrup.com.tr\/index.php?rest_route=%2Fwp%2Fv2%2Fcomments&post=135"}],"version-history":[{"count":19,"href":"https:\/\/okselgrup.com.tr\/index.php?rest_route=\/wp\/v2\/pages\/135\/revisions"}],"predecessor-version":[{"id":2872,"href":"https:\/\/okselgrup.com.tr\/index.php?rest_route=\/wp\/v2\/pages\/135\/revisions\/2872"}],"wp:attachment":[{"href":"https:\/\/okselgrup.com.tr\/index.php?rest_route=%2Fwp%2Fv2%2Fmedia&parent=135"}],"curies":[{"name":"wp","href":"https:\/\/api.w.org\/{rel}","templated":true}]}}